{"id":118,"date":"2019-05-07T11:43:41","date_gmt":"2019-05-07T09:43:41","guid":{"rendered":"https:\/\/transnum-portail.ac-dijon.fr\/wordpress\/ross\/?page_id=118"},"modified":"2019-05-07T11:43:41","modified_gmt":"2019-05-07T09:43:41","slug":"groupes-de-travail","status":"publish","type":"page","link":"https:\/\/transnum-v2.ac-dijon.fr\/wordpress\/ross\/groupes-de-travail\/","title":{"rendered":"Groupes de travail"},"content":{"rendered":"<blockquote>\n<h3>Groupe de travail : \u00ab\u00a0Immigration, les diff\u00e9rentes d\u00e9finitions et approches statistiques de l&rsquo;immigrant\u00a0\u00bb<\/h3>\n<\/blockquote>\n<p><span style=\"font-size: 12pt\">Lanc\u00e9 d\u00e9but 2019, le groupe de travail autour des \u00ab diff\u00e9rentes d\u00e9finitions et approches statistiques de l\u2019immigrant&nbsp;&nbsp;\u00bb a \u00e9t\u00e9 co-pilot\u00e9 par l\u2019ARS, la DRDJSCS et la DIRECCTE de Bourgogne-Franche-Comt\u00e9. Il a rassembl\u00e9 des acteurs du r\u00e9seau (INSEE, universitaires, associations, OFII\u2026.).<\/span><\/p>\n<p><span style=\"font-size: 12pt\">Il s\u2019est consacr\u00e9 aux probl\u00e9matiques d\u2019observation des populations immigrantes. En effet, la politique d\u2019immigration et d\u2019asile comprend de multiples dimensions li\u00e9es au contr\u00f4le, \u00e0 l\u2019accompagnement, \u00e0 l\u2019int\u00e9gration et \u00e0 l\u2019acc\u00e8s aux droits des personnes immigrantes. Elle s&rsquo;appuie sur des politiques mises en \u0153uvre par diverses institutions, administrations et associations qui, chacune pour leur part dispose de leurs propres cat\u00e9gories pour d\u00e9signer l\u2019immigr\u00e9.<\/span><\/p>\n<p><span style=\"font-size: 12pt\">La r\u00e9flexion de ce groupe a port\u00e9 alors sur : \u00ab De qui parle-t-on ? Quels enjeux ? Comment les observons-nous et \u00e0 quelles \u00e9chelles ? Et quels regards cela nous permet\u2013il de poser ? \u00bb. Les productions de ce groupe de travail de sont pas des \u00e9tudes et ne visent pas \u00e0 \u00eatre exhaustives sur les donn\u00e9es, sources et chiffres relatifs \u00e0 l&rsquo;immigration. Leur objectif est essentiellement p\u00e9dagogique. Les deux infographies produites se compl\u00e8tent : la vid\u00e9o (data motion) introduit les principaux messages et notions qui sont davantage d\u00e9crits dans le poster \u00e0 travers 4 panneaux : les principaux termes pour d\u00e9signer les personnes immigrantes et leurs d\u00e9finitions, un sch\u00e9ma des parcours des personnes immigrantes en France, les principales sources de donn\u00e9es sur les diff\u00e9rentes figures de l&rsquo;\u00e9tranger et les principaux chiffres-cl\u00e9s de l&rsquo;immigration en r\u00e9gion et en France.<\/span><\/p>\n<ul style=\"list-style-type: disc\">\n<li>La vid\u00e9o : <a href=\"http:\/\/transnum-v2.ac-dijon.fr\/wordpress\/ross\/wp-content\/uploads\/sites\/4\/2020\/02\/drdjimmigration_FULLHD.mp4\">Comprendre l&rsquo;immigration<\/a><\/li>\n<li>Le poster : <a href=\"http:\/\/transnum-v2.ac-dijon.fr\/wordpress\/ross\/wp-content\/uploads\/sites\/4\/2020\/02\/POSTER_IMMIGRATION_BFC.pdf\">Chiffres-cl\u00e9s de l&rsquo;immigration (lecture_\u00e9cran)<\/a><\/li>\n<li>Le poster : <a href=\"http:\/\/transnum-v2.ac-dijon.fr\/wordpress\/ross\/wp-content\/uploads\/sites\/4\/2020\/02\/POSTER_IMMIGRATION_BFC_A3.pdf\">Chiffres-cl\u00e9s de l&rsquo;immigration (d\u00e9pliant impression A3\/A2)<\/a><\/li>\n<\/ul>\n<p>Pour aller plus loin sur les caract\u00e9ristiques des immigr\u00e9s en Bourgogne-Franche-Comt\u00e9, nous vous invitons \u00e0 : <a href=\"https:\/\/www.insee.fr\/fr\/statistiques\/4231724\">consulter la publication de l&rsquo;Insee d&rsquo;octobre 2019.<\/a><\/p>\n<blockquote>\n<h3>Groupe de travail : \u00ab\u00a0Familles monoparentales\u00a0\u00bb<\/h3>\n<\/blockquote>\n<p><span style=\"font-size: 12pt\">Con\u00e7u pour identifier les facteurs de fragilit\u00e9 des familles monoparentales et d\u2019en limiter les m\u00e9canismes de reproduction sociale, le partenariat entre l\u2019Insee et la DRDJSCS sur les familles monoparentales a abouti \u00e0 la publication de deux \u00e9tudes. <\/span><\/p>\n<p><span style=\"font-size: 12pt\">Ces \u00e9tudes portent sur les 71 300 familles monoparentales de la r\u00e9gion au sein desquelles vivent 121&nbsp;100 enfants mineurs dont 13&nbsp;100 enfants de moins de 4 ans. Le niveau de vie m\u00e9dian de ces familles s\u2019\u00e9l\u00e8ve \u00e0 14&nbsp;000 \u20ac contre 20&nbsp;000 \u20ac pour un couple avec enfant mineur. Pr\u00e8s de 40&nbsp;% des familles monoparentales ont des ressources inf\u00e9rieures au seuil de pauvret\u00e9. Les difficult\u00e9s financi\u00e8res sont nombreuses mais ne sont pas les seules rencontr\u00e9es par ces familles. <\/span><\/p>\n<ul style=\"list-style-type: disc\">\n<li>La premi\u00e8re \u00e9tude : <a href=\"https:\/\/insee.fr\/fr\/statistiques\/4217147\">Une famille sur cinq ne compte qu\u2019un seul parent en Bourgogne-Franche-Comt\u00e9, une part qui a doubl\u00e9 en 25 ans<\/a> replace les familles monoparentales dans leur environnement g\u00e9ographique selon trois axes de vuln\u00e9rabilit\u00e9s : \u00e9conomique, social et territoriale. L\u2019\u00e9tude identifie les territoires les plus vuln\u00e9rables afin d\u2019aider les acteurs locaux \u00e0 y rem\u00e9dier.<\/li>\n<li>La seconde \u00e9tude : <a href=\"https:\/\/insee.fr\/fr\/statistiques\/4216195\">Entr\u00e9e en monoparentalit\u00e9 en Bourgogne-Franche-Comt\u00e9&nbsp;: un choc financier fort<\/a> aborde l\u2019\u00e9cart de niveau de vie entre la situation avant et apr\u00e8s monoparentalit\u00e9. En particulier, cette \u00e9tude s\u2019attache \u00e0 d\u00e9crire l\u2019impact de la monoparentalit\u00e9 sur les m\u00e8res (\u00e0 la t\u00eate de 80&nbsp;% des familles monoparentales) et compare avec la situation des hommes. Le parcours des femmes est plus compliqu\u00e9&nbsp;: le niveau de vie se rel\u00e8ve moins vite et la monoparentalit\u00e9 est plus longue.<\/li>\n<\/ul>\n<blockquote>\n<h3>Groupe de travail : \u00ab\u00a0Suivi du Plan de lutte contre la pauvret\u00e9 et pour l&rsquo;inclusion sociale\u00a0\u00bb<\/h3>\n<\/blockquote>\n<p><span style=\"font-size: 12pt\">Depuis d\u00e9cembre 2014, la DRDJSCS conduit l\u2019exercice de suivi annuel des indicateurs du Plan de lutte contre la pauvret\u00e9 et pour l&rsquo;inclusion sociale (PPPIS) en partenariat avec l\u2019Insee et les services d\u2019\u00e9tudes de l\u2019Etat (ARS, Direccte, Dreal, les Rectorats, la Banque de France) , anciennement sur le p\u00e9rim\u00e8tre Franche-Comt\u00e9 et depuis 2016 sur le p\u00e9rim\u00e8tre Bourgogne-Franche-Comt\u00e9.<\/span><\/p>\n<p><span style=\"font-size: 12pt\">Fin 2017, ce travail s&rsquo;est poursuivi dans le cadre du partenariat \u00e9largi du R\u00e9seau d\u2019observation sociale et sanitaire avec la DRDJSCS, l\u2019ARS, la Banque de France, les CAF, la DRAAF, la DREAL, la DIRECCTE, l\u2019INSEE, la PJJ, P\u00f4le Emploi et les Rectorats. Il a donn\u00e9 lieu \u00e0 atlas de la coh\u00e9sion sociale en Bourgogne-Franche-Comt\u00e9 qui s\u2019inscrit dans les orientations de la strat\u00e9gie de l\u2019Etat en r\u00e9gion permettant de disposer d\u2019un \u00e9tat des lieux des indicateurs de la coh\u00e9sion sociale en Bourgogne-Franche-Comt\u00e9 sur six axes th\u00e9matiques : la pauvret\u00e9, l\u2019acc\u00e8s aux droits et aux biens essentiels ; l\u2019emploi et le travail, le logement et l\u2019h\u00e9bergement ; la sant\u00e9 ; la famille, l\u2019enfance et la r\u00e9ussite \u00e9ducative ; l\u2019inclusion bancaire et le surendettement. Il apporte \u00e9galement un premier \u00e9clairage r\u00e9gional sur la distribution de l&rsquo;aide alimentaire, sur les jeunes de la protection judiciaire de la jeunesse et sur le profil des allocataires de la CAF sous le seuil de bas revenus. <\/span><\/p>\n<p><span style=\"font-size: 12pt\">Au-del\u00e0 d\u2019une photographie de la situation sur ces six axes, ce document vise \u00e9galement \u00e0 en identifier les \u00e9volutions structurelles et conjoncturelles, dans la mesure du possible, sur la p\u00e9riode de mise en \u0153uvre du plan de lutte contre la pauvret\u00e9 et pour l&rsquo;inclusion sociale (2013-2017) et dans les territoires de la r\u00e9gion. <\/span><\/p>\n<p><span style=\"font-size: 12pt\">Il permet \u00e9galement d\u2019alimenter l\u2019actualit\u00e9 des politiques de coh\u00e9sion sociale et en particulier la strat\u00e9gie de pr\u00e9vention et de lutte contre la pauvret\u00e9 annonc\u00e9e le 13 septembre 2018 par le Pr\u00e9sident de la R\u00e9publique. <\/span><\/p>\n<p><a href=\"http:\/\/transnum-v2.ac-dijon.fr\/wordpress\/ross\/wp-content\/uploads\/sites\/4\/2019\/08\/ATLAS_REGIONAL_COHESION_SOCIALE_BFC_2018.pdf\">t\u00e9l\u00e9charger l&rsquo;Atlas R\u00e9gional de la Coh\u00e9sion Sociale 2018 (pdf)<\/a><\/p>\n<blockquote>\n<h3>Groupe de travail : \u00ab\u00a0G\u00e9n\u00e9ration pivot\u00a0\u00bb<\/h3>\n<\/blockquote>\n<p><span style=\"font-size: 12pt\">Le groupe territoire, pilot\u00e9 par l&rsquo;ARS Bourgogne-Franche-Comt\u00e9, a travaill\u00e9 sur le sujet des solidarit\u00e9s interg\u00e9n\u00e9rationnelles et du r\u00f4le de la g\u00e9n\u00e9ration dite pivot. Les membres du groupe ont pos\u00e9 la probl\u00e9matique suivante : que se passerait-il si le \u00ab pivot \u00bb n&rsquo;\u00e9tait plus en mesure d&rsquo;assurer son r\u00f4le aupr\u00e8s des autres g\u00e9n\u00e9rations : les adultes \u00e2g\u00e9s de 35 \u00e0 55 ans auront-ils les m\u00eames capacit\u00e9s \u00e0 tenir ce r\u00f4le comme le font aujourd&rsquo;hui leurs parents ? <\/span><\/p>\n<p><span style=\"font-size: 12pt\">Quels sont les effets pr\u00e9visibles d\u2019un appauvrissement (\u00e9conomique) de la g\u00e9n\u00e9ration pivot sur les autres g\u00e9n\u00e9rations, ascendantes et descendantes ?<br \/>\nNotre soci\u00e9t\u00e9 doit faire face \u00e0 un double d\u00e9fi qui modifie les fondements des solidarit\u00e9s interg\u00e9n\u00e9rationnelles : l\u2019allongement de l\u2019esp\u00e9rance de vie d\u2019une part et l\u2019entr\u00e9e dans l\u2019\u00e2ge adulte, c\u2019est-\u00e0-dire le d\u00e9part de chez les parents par l\u2019acc\u00e8s \u00e0 l\u2019emploi, la possibilit\u00e9 de fonder une famille, sans cesse retard\u00e9.<br \/>\nL\u2019objectif est de d\u00e9finir les territoires de la r\u00e9gion Bourgogne-Franche-Comt\u00e9 expos\u00e9s \u00e0 une fragilisation de la g\u00e9n\u00e9ration pivot et son influence sur les solidarit\u00e9s interg\u00e9n\u00e9rationnelles. L\u2019\u00e9tude men\u00e9e ici, dans le cadre du r\u00e9seau d\u2019observation sociale et sanitaire, consiste \u00e0 comprendre l\u2019\u00e9volution de la situation de la g\u00e9n\u00e9ration pivot. <\/span><\/p>\n<p><span style=\"font-size: 12pt\">La collaboration des \u00e9quipes de l&rsquo;INSEE a permis un apport de cartographies. Cette \u00e9tude a fait l&rsquo;objet d&rsquo;une <a href=\"https:\/\/www.insee.fr\/fr\/statistiques\/2900745\">publication de l&rsquo;INSEE en juillet 2017<\/a> qui vient en compl\u00e9ment du &nbsp;<a href=\"http:\/\/transnum-v2.ac-dijon.fr\/wordpress\/ross\/wp-content\/uploads\/sites\/4\/2019\/08\/04.2018_Generation_pivot_ARS.pdf\">rapport final du groupe de travail (pdf)<\/a>. <\/span><\/p>\n<blockquote>\n<h3>Groupe de travail : \u00ab\u00a0Accessibilit\u00e9 des jeunes\u00a0\u00bb<\/h3>\n<\/blockquote>\n<p><span style=\"font-size: 12pt\">Comment le lieu d&rsquo;habitation peut entraver ou faciliter l&rsquo;acc\u00e8s \u00e0 certains services indispensables aux jeunes dans leur parcours d&rsquo;insertion sociale et professionnelle dans les territoires de Bourgogne-Franche-Comt\u00e9 ?. Voici la question centrale trait\u00e9e par ce groupe de travail co-pilot\u00e9 par la DRDJSCS Bourgogne-Franche-Comt\u00e9 et l&rsquo;INSEE. Les politiques de jeunesse \u00e9tant transversales, de nombreux partenaires du r\u00e9seau ont souhait\u00e9 s&rsquo;associer \u00e0 ce groupe de travail : ARS, Conseil r\u00e9gional, CROS, DDCS 70 et 71, DIRECCTE, DRAC, DRAAF, DREAL, INSEE, PRADIE, rectorats, SGAR, Universit\u00e9. <\/span><\/p>\n<p><span style=\"font-size: 12pt\">6 paniers d&rsquo;\u00e9quipements et services sont \u00e9tudi\u00e9s dans l&rsquo;\u00e9tude : Services de sant\u00e9, Sport, Loisir-Culture, Formation, Emploi-insertion-Volontariat et Acc\u00e8s \u00e0 l&rsquo;information. L&rsquo;Insee, charg\u00e9 des traitements statistiques, de l&rsquo;analyse des donn\u00e9es et de la r\u00e9daction de l&rsquo;\u00e9tude, a structur\u00e9 une typologie des territoires de la r\u00e9gion mettant en avant les forces et faiblesses en termes de temps d&rsquo;acc\u00e8s des jeunes aux diff\u00e9rents paniers, le profil social des jeunes. <\/span><\/p>\n<p><span style=\"font-size: 12pt\">L\u2019\u00e9tude a pris fin d\u00e9but d\u2019ann\u00e9e 2018 et a fait l\u2019objet d\u2019une publication. Les travaux ont permis de r\u00e9aliser une typologie des territoires cumulant les difficult\u00e9s d\u2019acc\u00e8s (mesur\u00e9es en temps d\u2019acc\u00e8s) et d\u2019\u00e9tudier le profil des jeunes caract\u00e9risant chacun de ces territoires : <a href=\"http:\/\/transnum-v2.ac-dijon.fr\/wordpress\/ross\/wp-content\/uploads\/sites\/4\/2019\/05\/etude_insee_jeunes_et_accessibilite.pdf\">t\u00e9l\u00e9charger le document (pdf)<\/a>. <\/span><\/p>\n","protected":false},"excerpt":{"rendered":"<p>Groupe de travail : \u00ab\u00a0Immigration, les diff\u00e9rentes d\u00e9finitions et approches statistiques de l&rsquo;immigrant\u00a0\u00bb Lanc\u00e9 d\u00e9but 2019, le groupe de travail autour des \u00ab diff\u00e9rentes d\u00e9finitions et approches statistiques de l\u2019immigrant&nbsp;&nbsp;\u00bb [&hellip;]<\/p>\n","protected":false},"author":5,"featured_media":0,"parent":0,"menu_order":0,"comment_status":"closed","ping_status":"closed","template":"","meta":{"footnotes":"","_links_to":"","_links_to_target":""},"class_list":["post-118","page","type-page","status-publish","hentry"],"_links":{"self":[{"href":"https:\/\/transnum-v2.ac-dijon.fr\/wordpress\/ross\/wp-json\/wp\/v2\/pages\/118","targetHints":{"allow":["GET"]}}],"collection":[{"href":"https:\/\/transnum-v2.ac-dijon.fr\/wordpress\/ross\/wp-json\/wp\/v2\/pages"}],"about":[{"href":"https:\/\/transnum-v2.ac-dijon.fr\/wordpress\/ross\/wp-json\/wp\/v2\/types\/page"}],"author":[{"embeddable":true,"href":"https:\/\/transnum-v2.ac-dijon.fr\/wordpress\/ross\/wp-json\/wp\/v2\/users\/5"}],"replies":[{"embeddable":true,"href":"https:\/\/transnum-v2.ac-dijon.fr\/wordpress\/ross\/wp-json\/wp\/v2\/comments?post=118"}],"version-history":[{"count":0,"href":"https:\/\/transnum-v2.ac-dijon.fr\/wordpress\/ross\/wp-json\/wp\/v2\/pages\/118\/revisions"}],"wp:attachment":[{"href":"https:\/\/transnum-v2.ac-dijon.fr\/wordpress\/ross\/wp-json\/wp\/v2\/media?parent=118"}],"curies":[{"name":"wp","href":"https:\/\/api.w.org\/{rel}","templated":true}]}}