{"id":124,"date":"2019-05-07T11:44:51","date_gmt":"2019-05-07T09:44:51","guid":{"rendered":"https:\/\/transnum-portail.ac-dijon.fr\/wordpress\/ross\/?page_id=124"},"modified":"2025-04-30T08:39:59","modified_gmt":"2025-04-30T06:39:59","slug":"contact","status":"publish","type":"page","link":"https:\/\/transnum-v2.ac-dijon.fr\/wordpress\/ross\/contact\/","title":{"rendered":"Contact"},"content":{"rendered":"<blockquote>\n<h3>Contact<\/h3>\n<\/blockquote>\n<p><a href=\"mailto:contact@rossbfc.fr\"> contact@rossbfc.fr<\/a><\/p>\n<blockquote>\n<h3>Rejoindre le Ross<\/h3>\n<\/blockquote>\n<p>Afin d\u2019\u00eatre inform\u00e9, ou pour participer aux travaux et rencontres organis\u00e9s par le Ross, il est possible d&rsquo;adh\u00e9rer en devenant membre du r\u00e9seau.<br \/>\nCette adh\u00e9sion est gratuite.<br \/>\nLes organismes adh\u00e9rents s\u2019engagent \u00e0 respecter les principes de la <a href=\"http:\/\/transnum-v2.ac-dijon.fr\/wordpress\/ross\/wp-content\/uploads\/sites\/4\/2019\/08\/Charte-de-fonctionnement-ROSS-BFC_septembre-2018.pdf\">charte.<\/a><br \/>\nPour toute demande d\u2019adh\u00e9sion, merci de <a href=\"https:\/\/transnum-v2.ac-dijon.fr\/limesurvey\/index.php\/826753?lang=fr\" target=\"_blank\" rel=\"noopener\">compl\u00e9ter ce formulaire<\/a><\/p>\n<blockquote>\n<h3>Animation du Ross<\/h3>\n<\/blockquote>\n<p><strong>Suzanne NICEY<\/strong><br \/>\nTel. 06 79 80 50 57<br \/>\nsuzanne.nicey@gmail.com<\/p>\n<blockquote>\n<h3>Pilotage du Ross<\/h3>\n<\/blockquote>\n<p><strong>ARS : Agence r\u00e9gionale de Sant\u00e9 de Bourgogne-Franche-Comt\u00e9<\/strong><br \/>\nAdrien ROUSSOT<br \/>\nTel. 07 61 40 35 33<br \/>\nadrien.roussot@ars.sante.fr<br \/>\n<a href=\"https:\/\/www.bourgogne-franche-comte.ars.sante.fr\/\">https:\/\/www.bourgogne-franche-comte.ars.sante.fr\/<\/a><\/p>\n<p><strong>Dreets : direction r\u00e9gionale de l\u2019\u00e9conomie, de l\u2019emploi, du travail, et des solidarit\u00e9s de Bourgogne-Franche-Comt\u00e9<\/strong><br \/>\nR\u00eena P\u00c9TREQUIN<br \/>\nTel. 03 81 21 60 51<br \/>\nrina.petrequin@dreets.gouv.fr<br \/>\n<a href=\"https:\/\/bourgogne-franche-comte.dreets.gouv.fr\/\">https:\/\/bourgogne-franche-comte.dreets.gouv.fr\/<\/a><\/p>\n","protected":false},"excerpt":{"rendered":"<p>Contact contact@rossbfc.fr Rejoindre le Ross Afin d\u2019\u00eatre inform\u00e9, ou pour participer aux travaux et rencontres organis\u00e9s par le Ross, il est possible d&rsquo;adh\u00e9rer en devenant membre du r\u00e9seau. Cette adh\u00e9sion [&hellip;]<\/p>\n","protected":false},"author":5,"featured_media":0,"parent":0,"menu_order":0,"comment_status":"closed","ping_status":"closed","template":"","meta":{"footnotes":"","_links_to":"","_links_to_target":""},"class_list":["post-124","page","type-page","status-publish","hentry"],"_links":{"self":[{"href":"https:\/\/transnum-v2.ac-dijon.fr\/wordpress\/ross\/wp-json\/wp\/v2\/pages\/124","targetHints":{"allow":["GET"]}}],"collection":[{"href":"https:\/\/transnum-v2.ac-dijon.fr\/wordpress\/ross\/wp-json\/wp\/v2\/pages"}],"about":[{"href":"https:\/\/transnum-v2.ac-dijon.fr\/wordpress\/ross\/wp-json\/wp\/v2\/types\/page"}],"author":[{"embeddable":true,"href":"https:\/\/transnum-v2.ac-dijon.fr\/wordpress\/ross\/wp-json\/wp\/v2\/users\/5"}],"replies":[{"embeddable":true,"href":"https:\/\/transnum-v2.ac-dijon.fr\/wordpress\/ross\/wp-json\/wp\/v2\/comments?post=124"}],"version-history":[{"count":2,"href":"https:\/\/transnum-v2.ac-dijon.fr\/wordpress\/ross\/wp-json\/wp\/v2\/pages\/124\/revisions"}],"predecessor-version":[{"id":2987,"href":"https:\/\/transnum-v2.ac-dijon.fr\/wordpress\/ross\/wp-json\/wp\/v2\/pages\/124\/revisions\/2987"}],"wp:attachment":[{"href":"https:\/\/transnum-v2.ac-dijon.fr\/wordpress\/ross\/wp-json\/wp\/v2\/media?parent=124"}],"curies":[{"name":"wp","href":"https:\/\/api.w.org\/{rel}","templated":true}]}}