{"id":1398,"date":"2021-02-16T15:37:38","date_gmt":"2021-02-16T14:37:38","guid":{"rendered":"https:\/\/transnum-portail.ac-dijon.fr\/wordpress\/ross\/?page_id=1398"},"modified":"2025-04-02T18:38:51","modified_gmt":"2025-04-02T16:38:51","slug":"publications-et-etudes-des-partenaires","status":"publish","type":"page","link":"https:\/\/transnum-v2.ac-dijon.fr\/wordpress\/ross\/publications-et-etudes-des-partenaires\/","title":{"rendered":"Publications et \u00e9tudes des partenaires"},"content":{"rendered":"<p>Cette rubrique est aliment\u00e9e \u00e0 partir de vos suggestions.<\/p>\n<blockquote class=\"wp-block-quote\"><p><strong>Plus d\u2019un jeune sur deux vit dans le rural malgr\u00e9 des d\u00e9parts \u00e0 18 ans<\/strong><\/p><\/blockquote>\n<p>\u00c9tude Insee Flash Bourgogne-Franche-Comt\u00e9 &#8211; janvier 2022<br \/>\n<a href=\"https:\/\/www.insee.fr\/fr\/statistiques\/6036192\">Consultez l&rsquo;\u00e9tude<\/a><\/p>\n<blockquote class=\"wp-block-quote\"><p><strong>Plus de femmes en emploi qu\u2019en moyenne dans l\u2019Union europ\u00e9enne<\/strong><\/p><\/blockquote>\n<p>\u00c9tude Insee Flash Bourgogne-Franche-Comt\u00e9 &#8211; janvier 2022<br \/>\n<a href=\"https:\/\/www.insee.fr\/fr\/statistiques\/6017944\">Consultez l&rsquo;\u00e9tude<\/a><\/p>\n<blockquote class=\"wp-block-quote\"><p><strong>Le niveau de vie des m\u00e9nages agricoles est plus faible dans les territoires d\u2019\u00e9levage<\/strong><\/p><\/blockquote>\n<p>\u00c9tude nationale territoriale Insee &#8211; octobre 2021<br \/>\n<a href=\"https:\/\/www.insee.fr\/fr\/statistiques\/5434584\">Consultez l&rsquo;\u00e9tude<\/a><\/p>\n<blockquote class=\"wp-block-quote\"><p><strong>Se d\u00e9placer, une n\u00e9cessit\u00e9 pour l\u2019insertion des jeunes r\u00e9sidant en zone rurale fragile<\/strong><\/p><\/blockquote>\n<p>Analyse Insee &#8211; novembre 2020<br \/>\n<a href=\"https:\/\/www.insee.fr\/fr\/statistiques\/4963479\">Consultez l&rsquo;analyse<\/a><\/p>\n","protected":false},"excerpt":{"rendered":"<p>Cette rubrique est aliment\u00e9e \u00e0 partir de vos suggestions. Plus d\u2019un jeune sur deux vit dans le rural malgr\u00e9 des d\u00e9parts \u00e0 18 ans \u00c9tude Insee Flash Bourgogne-Franche-Comt\u00e9 &#8211; janvier [&hellip;]<\/p>\n","protected":false},"author":5,"featured_media":0,"parent":0,"menu_order":0,"comment_status":"closed","ping_status":"closed","template":"","meta":{"footnotes":"","_links_to":"","_links_to_target":""},"class_list":["post-1398","page","type-page","status-publish","hentry"],"_links":{"self":[{"href":"https:\/\/transnum-v2.ac-dijon.fr\/wordpress\/ross\/wp-json\/wp\/v2\/pages\/1398","targetHints":{"allow":["GET"]}}],"collection":[{"href":"https:\/\/transnum-v2.ac-dijon.fr\/wordpress\/ross\/wp-json\/wp\/v2\/pages"}],"about":[{"href":"https:\/\/transnum-v2.ac-dijon.fr\/wordpress\/ross\/wp-json\/wp\/v2\/types\/page"}],"author":[{"embeddable":true,"href":"https:\/\/transnum-v2.ac-dijon.fr\/wordpress\/ross\/wp-json\/wp\/v2\/users\/5"}],"replies":[{"embeddable":true,"href":"https:\/\/transnum-v2.ac-dijon.fr\/wordpress\/ross\/wp-json\/wp\/v2\/comments?post=1398"}],"version-history":[{"count":2,"href":"https:\/\/transnum-v2.ac-dijon.fr\/wordpress\/ross\/wp-json\/wp\/v2\/pages\/1398\/revisions"}],"predecessor-version":[{"id":2881,"href":"https:\/\/transnum-v2.ac-dijon.fr\/wordpress\/ross\/wp-json\/wp\/v2\/pages\/1398\/revisions\/2881"}],"wp:attachment":[{"href":"https:\/\/transnum-v2.ac-dijon.fr\/wordpress\/ross\/wp-json\/wp\/v2\/media?parent=1398"}],"curies":[{"name":"wp","href":"https:\/\/api.w.org\/{rel}","templated":true}]}}