{"id":1433,"date":"2021-03-16T09:55:18","date_gmt":"2021-03-16T08:55:18","guid":{"rendered":"https:\/\/transnum-portail.ac-dijon.fr\/wordpress\/ross\/?page_id=1433"},"modified":"2026-04-28T16:12:32","modified_gmt":"2026-04-28T14:12:32","slug":"programmation-annuelle","status":"publish","type":"page","link":"https:\/\/transnum-v2.ac-dijon.fr\/wordpress\/ross\/programmation-annuelle\/","title":{"rendered":"Programmation annuelle"},"content":{"rendered":"<blockquote>\n<h3>2026<\/h3>\n<ul>\n<li>jeudi 29 janvier 2026 &#8211; 11h \u00e0 12h : Visio Flash &#8211; <b>\u201cVuln\u00e9rabilit\u00e9 \u00e9nerg\u00e9tique des m\u00e9nages li\u00e9e au logement\u201d, par l&rsquo;Insee<\/b>\u00a0<a href=\"https:\/\/transnum-v2.ac-dijon.fr\/wordpress\/ross\/visio-flash\/\">+ d&rsquo;info<\/a><\/li>\n<li>jeudi 26 f\u00e9vrier 2026 &#8211; 11h \u00e0 12h : Visio Flash &#8211; <b>\u201cEnjeux sanitaires et sociaux li\u00e9s \u00e0 la m\u00e9nopause\u201d<\/b>\u00a0<a href=\"https:\/\/transnum-v2.ac-dijon.fr\/wordpress\/ross\/visio-flash\/\">+ d&rsquo;info<\/a><\/li>\n<li>vendredi 27 mars 2026 &#8211; 10h \u00e0 12h : Matinale &#8211; <b>\u201c\u00c9tablissements de la protection de l&rsquo;enfance en BFC\u201d<\/b> <a href=\"https:\/\/transnum-v2.ac-dijon.fr\/wordpress\/ross\/matinales-de-linformation\/\" target=\"_blank\" rel=\"noopener\">+ d&rsquo;info<\/a><\/li>\n<li>mardi 28 avril 2026 &#8211; 10h \u00e0 12h : Matinale &#8211; <b>\u201c<strong>Parcours migratoires au f\u00e9minin : sp\u00e9cificit\u00e9s et impacts sur l&rsquo;int\u00e9gration\u201d<\/strong><\/b>\u00a0<a href=\"https:\/\/transnum-v2.ac-dijon.fr\/wordpress\/ross\/matinales-de-linformation\/\">+ d&rsquo;info<\/a><\/li>\n<li>jeudi 21 mai 2026 &#8211; 11h \u00e0 12h : Visio Flash &#8211; <b>\u201cSant\u00e9 mentale des jeunes dans les QPV de Haute-Sa\u00f4ne\u201d<\/b> <a href=\"https:\/\/transnum-v2.ac-dijon.fr\/wordpress\/ross\/visio-flash\/\">+ d&rsquo;info<\/a><\/li>\n<li>jeudi 18 juin 2026 &#8211; 10h \u00e0 12h : Matinale &#8211; <b>\u201cInclusion des enfants en situation de handicap\u201d<\/b> <a href=\"https:\/\/transnum-v2.ac-dijon.fr\/wordpress\/ross\/matinales-de-linformation\/\">+ d&rsquo;info<\/a><\/li>\n<li>vendredi 18 septembre 2026 &#8211; 10h \u00e0 12h : Matinale &#8211; <b>\u201cL<strong>es structures d\u2019insertion par l\u2019activit\u00e9 \u00e9conomique en BFC<\/strong>\u201d<\/b> <a href=\"https:\/\/transnum-v2.ac-dijon.fr\/wordpress\/ross\/matinales-de-linformation\/\">+ d&rsquo;info<\/a><\/li>\n<li>mardi 13 octobre 2026 &#8211; S\u00e9minaire &#8211; <b>\u201cEnjeux li\u00e9s au vieillissement\u201d<\/b> <a href=\"https:\/\/transnum-v2.ac-dijon.fr\/wordpress\/ross\/seminaires\/\">+ d&rsquo;info<\/a><\/li>\n<li>vendredi 20 novembre 2026 &#8211; 11h \u00e0 12h : Visio Flash &#8211; <b>\u201cRisque illettrisme\u201d<\/b> <a href=\"https:\/\/transnum-v2.ac-dijon.fr\/wordpress\/ross\/visio-flash\/\">+ d&rsquo;info<\/a><\/li>\n<li>jeudi 17 d\u00e9cembre 2026 : <b>Comit\u00e9 de pilotage<\/b><\/li>\n<\/ul>\n<\/blockquote>\n<blockquote>\n<h3>2025<\/h3>\n<ul>\n<li>jeudi 23 janvier 2025 &#8211; 11h \u00e0 12h : Visio Flash &#8211; <b>\u201c\u00c9valuation d&rsquo;impact sur la sant\u00e9 (EIS) pour promouvoir l&rsquo;urbanisme favorable \u00e0 la sant\u00e9\u201d, par l&rsquo;ARS<\/b> <a href=\"https:\/\/transnum-v2.ac-dijon.fr\/wordpress\/ross\/visio-flash\/\">+ d&rsquo;info<\/a><\/li>\n<li>jeudi 20 f\u00e9vrier 2025 &#8211; 11h \u00e0 12h : Visio Flash &#8211; <b>\u201cLes immigr\u00e9s occupent 7 % des emplois dans la r\u00e9gion\u201d, par l&rsquo;Insee<\/b> <a href=\"https:\/\/transnum-v2.ac-dijon.fr\/wordpress\/ross\/visio-flash\/\">+ d&rsquo;info<\/a><\/li>\n<li>jeudi 20 mars 2025 &#8211; 11h \u00e0 12h : Visio Flash &#8211; <b>\u201cEtude sur les violences faites aux femmes\u201d<\/b> <a href=\"https:\/\/transnum-v2.ac-dijon.fr\/wordpress\/ross\/visio-flash\/\">+ d&rsquo;info<\/a><\/li>\n<li>jeudi 10 avril 2025 &#8211; 11h \u00e0 12h : Visio Flash &#8211; <b>\u201c<strong>Quel r\u00f4le de la redistribution pour limiter la pauvret\u00e9 ?, par l\u2019Insee<\/strong><\/b> <a href=\"https:\/\/transnum-v2.ac-dijon.fr\/wordpress\/ross\/visio-flash\/\">+ d&rsquo;info<\/a><\/li>\n<li>jeudi 22 mai 2025 &#8211; 11h \u00e0 12h : Visio Flash &#8211; <b>\u201c<strong>Le bonheur territorial, une autre approche des territoires,<\/strong>\u201d, par la R\u00e9gion BFC<\/b> <a href=\"https:\/\/transnum-v2.ac-dijon.fr\/wordpress\/ross\/visio-flash\/\">+ d&rsquo;info<\/a><\/li>\n<li>jeudi 19 juin 2025 &#8211; 10h \u00e0 12h &#8211; Matinale &#8211; <b>\u201cNon-recours aux droits\u201d<\/b> <a href=\"https:\/\/transnum-v2.ac-dijon.fr\/wordpress\/ross\/matinales-de-linformation\/\">+ d&rsquo;info<\/a><\/li>\n<li>jeudi 18 septembre 2025 &#8211; 11h \u00e0 12h : Visio Flash &#8211; <b>\u201cImpact du vieillissement de la population sur les centres sociaux\u201d<\/b> <a href=\"https:\/\/transnum-v2.ac-dijon.fr\/wordpress\/ross\/visio-flash\/\">+ d&rsquo;info<\/a><\/li>\n<li>mardi 14 octobre 2025 &#8211; S\u00e9minaire &#8211; <b>\u201cJeunesses rurales : regards crois\u00e9s\u201d<\/b> <a href=\"https:\/\/transnum-v2.ac-dijon.fr\/wordpress\/ross\/seminaires\/\">+ d&rsquo;info<\/a><\/li>\n<li>jeudi 20 novembre 2025 &#8211; 10h \u00e0 12h : Matinale &#8211; <b>\u201cImpact de la loi pour le plein emploi sur les statistiques du march\u00e9 du travail\u201d<\/b> <a href=\"https:\/\/transnum-v2.ac-dijon.fr\/wordpress\/ross\/matinales-de-linformation\/\">+ d&rsquo;info<\/a><\/li>\n<li>jeudi 18 d\u00e9cembre 2025 : <b>Comit\u00e9 de pilotage<\/b><\/li>\n<\/ul>\n<\/blockquote>\n<blockquote>\n<h3>2024<\/h3>\n<ul>\n<li>jeudi 18 janvier 2024 &#8211; 11h \u00e0 12h : Visio Flash &#8211; <b>\u201cLes jeunes potentiellement invisibles en BFC\u201d, par Emfor<\/b> <a href=\"https:\/\/transnum-v2.ac-dijon.fr\/wordpress\/ross\/visio-flash\/\">+ d&rsquo;info<\/a><\/li>\n<li>jeudi 15 f\u00e9vrier 2024 &#8211; 11h \u00e0 12h : Visio Flash &#8211; <b>\u201cObservatoire des Solidarit\u00e9s du D\u00e9partement 90 et sch\u00e9ma unique\u201d, par le D\u00e9partement 90<\/b> <a href=\"https:\/\/transnum-v2.ac-dijon.fr\/wordpress\/ross\/visio-flash\/\">+ d&rsquo;info<\/a><\/li>\n<li>jeudi 14 mars 2024 &#8211; 11h \u00e0 12h : Visio Flash &#8211; <b>\u201cLe devenir des ex-enfants plac\u00e9s de l&rsquo;ASE en C\u00f4te-d&rsquo;Or\u201d, par l&rsquo;Irtess<\/b> <a href=\"https:\/\/transnum-v2.ac-dijon.fr\/wordpress\/ross\/visio-flash\/\">+ d&rsquo;info<\/a><\/li>\n<li>jeudi 11 avril 2024 &#8211; 11h \u00e0 12h : Visio Flash &#8211; <b>\u201cLes pactes locaux de solidarit\u00e9s : diagnostics et contractualisations\u00a0\u00bb, par le SGAR<\/b><a href=\"https:\/\/transnum-v2.ac-dijon.fr\/wordpress\/ross\/visio-flash\/\"> + d&rsquo;info<\/a><\/li>\n<li>jeudi 23 mai 2024 &#8211; 10h \u00e0 12h : Matinale &#8211; <b>\u201cInflation : quelles cons\u00e9quences pour les m\u00e9nages en BFC ?\u201d par l&rsquo;Insee, la Banque de France et l&rsquo;Uraf<\/b> <a href=\"https:\/\/transnum-v2.ac-dijon.fr\/wordpress\/ross\/matinales-de-linformation\/\">+ d&rsquo;info<\/a><\/li>\n<li>mardi 18 juin 2024 &#8211; 11h \u00e0 12h &#8211; Visio Flash &#8211; <b>\u201cLogement social : panorama r\u00e9gional\u201d, par l&rsquo;Insee et la Dreal<\/b> <a href=\"https:\/\/transnum-v2.ac-dijon.fr\/wordpress\/ross\/visio-flash\/\">+ d&rsquo;info<\/a><\/li>\n<li>jeudi 19 septembre 2024 &#8211; 11h \u00e0 12h : Visio Flash &#8211; <b>\u201cQPV : nouveaux contours et exemple de d\u00e9marche locale en sant\u00e9\u201d<\/b> <a href=\"https:\/\/transnum-v2.ac-dijon.fr\/wordpress\/ross\/visio-flash\/\">+ d&rsquo;info<\/a><\/li>\n<li>jeudi 17 octobre 2024 &#8211; S\u00e9minaire &#8211; <b>\u201cTensions dans les m\u00e9tiers sanitaires et sociaux : constats, prospective et leviers d&rsquo;action\u201d<\/b> <a href=\"https:\/\/transnum-v2.ac-dijon.fr\/wordpress\/ross\/seminaires\/\">+ d&rsquo;info<\/a><\/li>\n<li>jeudi 21 novembre 2024 &#8211; 11h \u00e0 12h : Visio Flash &#8211; <b>\u201cLe vrai du \u00ab\u00a0Fake\u00a0\u00bb, par l&rsquo;Insee<\/b> <a href=\"https:\/\/transnum-v2.ac-dijon.fr\/wordpress\/ross\/visio-flash\/\">+ d&rsquo;info<\/a><\/li>\n<li>jeudi 19 d\u00e9cembre 2024 : <b>Copil<\/b><\/li>\n<\/ul>\n<\/blockquote>\n<blockquote>\n<h3>2023<\/h3>\n<ul>\n<li>mardi 21 F\u00e9vrier 2023 &#8211; 11h \u00e0 12h : Visio Flash &#8211; <b>\u201cConditions de vie des habitants de BFC et fragilit\u00e9s territoriales\u201d, par l&rsquo;Insee et la R\u00e9gion BFC<\/b> <a href=\"https:\/\/transnum-v2.ac-dijon.fr\/wordpress\/ross\/visio-flash\/\">+ d&rsquo;info<\/a><\/li>\n<li>jeudi 23 Mars 2023 &#8211; 11h \u00e0 12h : Visio Flash &#8211; <b>\u201cR\u00e9novation \u00e9nerg\u00e9tique dans le parc social et priv\u00e9\u201d, par la Dreal BFC<\/b> <a href=\"https:\/\/transnum-v2.ac-dijon.fr\/wordpress\/ross\/visio-flash\/\">+ d&rsquo;info<\/a><\/li>\n<li>jeudi 27 Avril 2023 &#8211; 10h \u00e0 12h : Matinale &#8211; <b>\u201cEnjeux de l&rsquo;offre de garde d&rsquo;enfants dans le Pays de Montb\u00e9liard Agglom\u00e9ration\u201d, par l&rsquo;Agence d&rsquo;urbanisme PMA<\/b> <a href=\"https:\/\/transnum-v2.ac-dijon.fr\/wordpress\/ross\/matinales-de-linformation\/\">+ d&rsquo;info<\/a><\/li>\n<li>jeudi 25 Mai 2023 &#8211; 11h \u00e0 12h : Visio Flash &#8211; <b>\u201cVuln\u00e9rabilit\u00e9s des populations face au climat, approche \u00e0 l&rsquo;\u00e9chelle des quartiers\u201d, par l&rsquo;Agence d&rsquo;urbanisme de Besan\u00e7on (AUDAB)<\/b> <a href=\"https:\/\/transnum-v2.ac-dijon.fr\/wordpress\/ross\/visio-flash\/\">+ d&rsquo;info<\/a><\/li>\n<li>jeudi 1er Juin 2023 &#8211; 11h \u00e0 12h : Visio Flash &#8211; <b>\u201cD\u00e9marche et r\u00e9sultats Projet r\u00e9gional de sant\u00e9 (PRS)\u201d par l&rsquo;ARS BFC<\/b> <a href=\"https:\/\/transnum-v2.ac-dijon.fr\/wordpress\/ross\/visio-flash\/\">+ d&rsquo;info<\/a><\/li>\n<li>jeudi 22 Juin 2023 &#8211; 10h \u00e0 12h &#8211; Matinale &#8211; <b>\u201cJeunesse en crises ?\u201d<\/b> <a href=\"https:\/\/transnum-v2.ac-dijon.fr\/wordpress\/ross\/matinales-de-linformation\/\">+ d&rsquo;info<\/a><\/li>\n<li>jeudi 28 Septembre 2023 &#8211; 11h \u00e0 12h : Visio Flash &#8211; <b>\u201cBarom\u00e8tre 115 en BFC\u201d<\/b> <a href=\"https:\/\/transnum-v2.ac-dijon.fr\/wordpress\/ross\/visio-flash\/\">+ d&rsquo;info<\/a><\/li>\n<li>jeudi 19 Octobre 2023 &#8211; S\u00e9minaire &#8211; <b>\u201cLes politiques de solidarit\u00e9s d\u00e9partementales : \u00e9volution, donn\u00e9es et enjeux\u201d<\/b> <a href=\"https:\/\/transnum-v2.ac-dijon.fr\/wordpress\/ross\/seminaires\/\">+ d&rsquo;info<\/a><\/li>\n<li>jeudi 14 D\u00e9cembre 2023 : <b>Copil<\/b><\/li>\n<\/ul>\n<\/blockquote>\n<blockquote>\n<h3>2022<\/h3>\n<ul>\n<li>jeudi 10 F\u00e9vrier 2022 &#8211; 10h \u00e0 12h : Matinale &#8211; <b>\u201cLutte contre la pr\u00e9carit\u00e9 alimentaire : \u00e9tat des lieux et enjeux\u201d, par la DREETS, FORS Recherche Sociale, Minist\u00e8re des solidarit\u00e9s et de la sant\u00e9, Inrae .<\/b> <a href=\"https:\/\/transnum-v2.ac-dijon.fr\/wordpress\/ross\/matinales-de-linformation\/\">+ d&rsquo;info<\/a><\/li>\n<li>jeudi 17 Mars 2022 &#8211; 10h \u00e0 12h : Matinale &#8211; <b>\u201cDeux sujets d\u2019observation sociale : Invisibilit\u00e9 des femmes \u2013 impacts de la crise sanitaires\u00bb, par l&rsquo;Insee, l&rsquo;Irtess et le CESER<\/b> <a href=\"https:\/\/transnum-v2.ac-dijon.fr\/wordpress\/ross\/matinales-de-linformation\/\">+ d&rsquo;info<\/a><\/li>\n<li>mardi 12 Avril 2022 &#8211; 11h \u00e0 12h : Visio Flash &#8211; <b>\u201cRegards crois\u00e9s sur la prise en charge des troubles autistiques\u201d, par ORS BFC<\/b> <a href=\"https:\/\/transnum-v2.ac-dijon.fr\/wordpress\/ross\/visio-flash\/\">+ d&rsquo;info<\/a><\/li>\n<li>jeudi 23 Juin 2022 &#8211; 11h \u00e0 12h : Visio Flash &#8211; <b>\u201cRevenus des habitants des EPCI de BFC &#8211; D\u00e9marche exploratoire\u201d, par EMFOR.<\/b> <a href=\"https:\/\/transnum-v2.ac-dijon.fr\/wordpress\/ross\/visio-flash\/\">+ d&rsquo;info<\/a><\/li>\n<li>vendredi 23 Septembre 2022 &#8211; 11h \u00e0 12h : Visio Flash &#8211; <b>\u00ab\u00a0Insertion IAE\u201d, par DREETS BFC et ID\u00e9O BFC<\/b> <a href=\"https:\/\/transnum-v2.ac-dijon.fr\/wordpress\/ross\/visio-flash\/\">+ d&rsquo;info<\/a><\/li>\n<li>jeudi 13 Octobre 2022 &#8211; S\u00e9minaire <b>\u201c\u00c9volutions des m\u00e9tiers et des outils autour de l\u2019observation sociale et sanitaire\u201d<\/b><a href=\"https:\/\/transnum-v2.ac-dijon.fr\/wordpress\/ross\/seminaires\/\"> + d&rsquo;info<\/a><\/li>\n<li>mardi 29 Novembre 2022 &#8211; 14h \u00e0 16h30 : Visioconf\u00e9rence &#8211; <b>\u201cLogement d&rsquo;abord, et emploi dans les parcours des publics sans domicile\u201d<\/b>. <a href=\"https:\/\/transnum-v2.ac-dijon.fr\/wordpress\/ross\/visio-flash\/\">+ d&rsquo;info<\/a><\/li>\n<li>d\u00e9cembre 2022 : copil<\/li>\n<\/ul>\n<\/blockquote>\n<blockquote>\n<h3>2021<\/h3>\n<ul>\n<li>25 f\u00e9vrier 2021 &#8211; 11h \u00e0 12h : Visio Flash &#8211; <b>\u201c\u00c9tude sur l&rsquo;insertion des jeunes en zone de revitalisation rurale\u201d, par l\u2019Insee.<\/b> <a href=\"https:\/\/transnum-v2.ac-dijon.fr\/wordpress\/ross\/visio-flash\/\">+ d&rsquo;info<\/a><\/li>\n<li>8 Avril 2021 &#8211; 11h \u00e0 12h : Visio Flash &#8211; <b>\u201c2012-2019 : s\u2019adapter, une n\u00e9cessit\u00e9 pour le parc social bourguignon-franc-comtois \u00bb, par la DREAL<\/b> <a href=\"https:\/\/transnum-v2.ac-dijon.fr\/wordpress\/ross\/visio-flash\/\">+ d&rsquo;info<\/a><\/li>\n<li>28 Juin 2021 &#8211; 9h30 \u00e0 12h\u00a0 :\u00a0 S\u00e9minaire <b>\u201cImpacts de la crise sanitaire sur les migrations internationales\u201d<\/b> en visioconf\u00e9rence +<a href=\"https:\/\/transnum-v2.ac-dijon.fr\/wordpress\/ross\/seminaires\/\"> d&rsquo;info<\/a><\/li>\n<li>12 Octobre 2021 &#8211; 10h \u00e0 12h : Matinale \u00ab\u00a0<b>Mesurer la pr\u00e9carit\u00e9 \u00e9nerg\u00e9tique en BFC \u00bb<\/b><a href=\"https:\/\/transnum-v2.ac-dijon.fr\/wordpress\/ross\/matinales-de-linformation\/\">+ d&rsquo;info<\/a><\/li>\n<li>16 Novembre 2021 &#8211; 11h \u00e0 12h : Visio Flash &#8211; <b>\u201cFemmes et monoparentalit\u00e9, un double constat d\u2019in\u00e9galit\u00e9s\u201d, par le CESER.<\/b> <a href=\"https:\/\/transnum-v2.ac-dijon.fr\/wordpress\/ross\/visio-flash\/\">+ d&rsquo;info<\/a><\/li>\n<li>30 Novembre 2021 &#8211; 10h \u00e0 12h : Matinale <b>\u00ab D\u00e9marches d\u2019observation en milieu rural \u00bb<\/b><a href=\"https:\/\/transnum-v2.ac-dijon.fr\/wordpress\/ross\/matinales-de-linformation\/\">+ d&rsquo;info<\/a><\/li>\n<li>14 d\u00e9cembre 2021 &#8211; 11h \u00e0 12h : Visio Flash &#8211; <b>\u00ab\u00a0Quartiers politique de la ville, quelles r\u00e9alit\u00e9s aujourd&rsquo;hui ?\u201d, par Trajectoire Ressources<\/b> <a href=\"https:\/\/transnum-v2.ac-dijon.fr\/wordpress\/ross\/visio-flash\/\">+ d&rsquo;info<\/a><\/li>\n<li>fin novembre 2021 : enqu\u00eate aupr\u00e8s des adh\u00e9rents pour programmation 2022<\/li>\n<li>17 d\u00e9cembre 2021 : copil<\/li>\n<\/ul>\n<\/blockquote>\n\n\n<p><\/p>\n","protected":false},"excerpt":{"rendered":"<p>2026 jeudi 29 janvier 2026 &#8211; 11h \u00e0 12h : Visio Flash &#8211; \u201cVuln\u00e9rabilit\u00e9 \u00e9nerg\u00e9tique des m\u00e9nages li\u00e9e au logement\u201d, par l&rsquo;Insee\u00a0+ d&rsquo;info jeudi 26 f\u00e9vrier 2026 &#8211; 11h \u00e0 [&hellip;]<\/p>\n","protected":false},"author":5,"featured_media":0,"parent":0,"menu_order":0,"comment_status":"closed","ping_status":"closed","template":"","meta":{"footnotes":"","_links_to":"","_links_to_target":""},"class_list":["post-1433","page","type-page","status-publish","hentry"],"_links":{"self":[{"href":"https:\/\/transnum-v2.ac-dijon.fr\/wordpress\/ross\/wp-json\/wp\/v2\/pages\/1433","targetHints":{"allow":["GET"]}}],"collection":[{"href":"https:\/\/transnum-v2.ac-dijon.fr\/wordpress\/ross\/wp-json\/wp\/v2\/pages"}],"about":[{"href":"https:\/\/transnum-v2.ac-dijon.fr\/wordpress\/ross\/wp-json\/wp\/v2\/types\/page"}],"author":[{"embeddable":true,"href":"https:\/\/transnum-v2.ac-dijon.fr\/wordpress\/ross\/wp-json\/wp\/v2\/users\/5"}],"replies":[{"embeddable":true,"href":"https:\/\/transnum-v2.ac-dijon.fr\/wordpress\/ross\/wp-json\/wp\/v2\/comments?post=1433"}],"version-history":[{"count":26,"href":"https:\/\/transnum-v2.ac-dijon.fr\/wordpress\/ross\/wp-json\/wp\/v2\/pages\/1433\/revisions"}],"predecessor-version":[{"id":3226,"href":"https:\/\/transnum-v2.ac-dijon.fr\/wordpress\/ross\/wp-json\/wp\/v2\/pages\/1433\/revisions\/3226"}],"wp:attachment":[{"href":"https:\/\/transnum-v2.ac-dijon.fr\/wordpress\/ross\/wp-json\/wp\/v2\/media?parent=1433"}],"curies":[{"name":"wp","href":"https:\/\/api.w.org\/{rel}","templated":true}]}}