{"id":2353,"date":"2024-02-23T12:01:47","date_gmt":"2024-02-23T11:01:47","guid":{"rendered":"https:\/\/transnum-portail.ac-dijon.fr\/wordpress\/ross\/?page_id=2353"},"modified":"2025-04-02T17:51:10","modified_gmt":"2025-04-02T15:51:10","slug":"mentions-legales","status":"publish","type":"page","link":"https:\/\/transnum-v2.ac-dijon.fr\/wordpress\/ross\/mentions-legales\/","title":{"rendered":"Mentions l\u00e9gales"},"content":{"rendered":"\n<p>Conform\u00e9ment aux dispositions des articles 6-III et 19 de la Loi n\u00b0 2004-575 du 21 juin 2004 pour la Confiance dans l\u2019\u00e9conomie num\u00e9rique, dite L.C.E.N., nous portons \u00e0 la connaissance des utilisateurs et visiteurs du site <a href=\"https:\/\/transnum-v2.ac-dijon.fr\/wordpress\/ross\/\" target=\"_blank\" rel=\"noreferrer noopener\">https:\/\/transnum-v2.ac-dijon.fr\/wordpress\/ross\/<\/a> les informations suivantes :\u00a0\u00a0\u00a0\u00a0<\/p>\n\n\n\n<h4 class=\"wp-block-heading\"><strong>Informations l\u00e9gales<\/strong><\/h4>\n\n\n\n<p><strong>Nom : <\/strong>R\u00e9seau d\u2019observation sociale et sanitaire de Bourgogne-Franche-Comt\u00e9<\/p>\n<p><strong>Adresses :<\/strong><\/p>\n<ul>\n<li>Dreets BFC, 5 places Jean Cornet, 25000 Besan\u00e7on\u00a0 &#8211; <strong>03 63 01 70 03<\/strong><\/li>\n<li>Agence R\u00e9gionale de Sant\u00e9 Bourgogne-Franche-Comt\u00e9, 2 Pl. des Savoirs, 21035 Dijon &#8211; <strong>07 61 40 35 33<\/strong><\/li>\n<\/ul>\n<p><strong>Adresse de courrier \u00e9lectronique : <\/strong>contact@rossbfc.fr<\/p>\n<p><strong>Cr\u00e9ateur du site :<\/strong> WordPress<\/p>\n<p><strong>Responsables de la publication :<\/strong><\/p>\n<ul>\n<li>R\u00eena P\u00e9trequin : rina.petrequin@dreets.gouv.fr<\/li>\n<li>Adrien Roussot : adrien.roussot@ars.sante.fr<\/li>\n<\/ul>\n<p><strong>\u00a0Webmaster : <\/strong>Suzanne Nicey : suzanne.nicey@gmail.com<\/p>\n<p><strong>H\u00e9bergeur du site :<\/strong> Transnum (le portail des agents publics en BFC) :\u00a0<a href=\"https:\/\/transnum-v2.ac-dijon.fr\/\" target=\"_blank\" rel=\"noopener\">https:\/\/transnum-v2.ac-dijon.fr\/<\/a><\/p>\n\n\n\n<h4 class=\"wp-block-heading\"><strong>Description des services fournis<\/strong><\/h4>\n\n\n\n<p>Le site <a href=\"https:\/\/transnum-v2.ac-dijon.fr\/wordpress\/ross\/\" target=\"_blank\" rel=\"noreferrer noopener\">https:\/\/transnum-v2.ac-dijon.fr\/wordpress\/ross\/<\/a> a pour objectif de fournir une information concernant l&rsquo;ensemble des activit\u00e9s du R\u00e9seau d&rsquo;observation sociale et sanitaire de Bourgogne-Franche-Comt\u00e9. Les responsables du site s\u2019efforcent de fournir sur le site <a href=\"https:\/\/transnum-v2.ac-dijon.fr\/wordpress\/ross\/\" target=\"_blank\" rel=\"noreferrer noopener\">https:\/\/transnum-v2.ac-dijon.fr\/wordpress\/ross\/<\/a> des informations aussi pr\u00e9cises que possible. Toutefois, ils ne pourront \u00eatre tenus responsables des omissions, des inexactitudes et des carences dans la mise \u00e0 jour, qu\u2019elles soient de leurs faits ou du fait des tiers partenaires qui leurs fournissent ces informations. Toutes les informations propos\u00e9es sur le site <a href=\"https:\/\/transnum-v2.ac-dijon.fr\/wordpress\/ross\/\" target=\"_blank\" rel=\"noreferrer noopener\">https:\/\/transnum-v2.ac-dijon.fr\/wordpress\/ross\/<\/a> sont donn\u00e9es \u00e0 titre indicatif, sont non exhaustives et sont susceptibles d\u2019\u00e9voluer. Elles sont donn\u00e9es sous r\u00e9serve de modifications ayant \u00e9t\u00e9 apport\u00e9es depuis leur mise en ligne.<\/p>\n\n\n\n<h4 class=\"wp-block-heading\"><strong>Propri\u00e9t\u00e9 intellectuelle et r\u00e9utilisation<\/strong><\/h4>\n\n\n\n<p>Les publications mises \u00e0 disposition sur le pr\u00e9sent site sont consultables et t\u00e9l\u00e9chargeables gratuitement. Elles peuvent \u00eatre r\u00e9utilis\u00e9es, sauf \u00e0 des fins commerciales. Leur r\u00e9utilisation est subordonn\u00e9e au respect de l&rsquo;int\u00e9grit\u00e9 de l&rsquo;information et des donn\u00e9es et \u00e0 la mention pr\u00e9cise des sources.<\/p>\n\n\n\n<h4 class=\"wp-block-heading\"><strong>Liens hypertextes<\/strong><\/h4>\n\n\n\n<p>Le Ross est favorable \u00e0 la cr\u00e9ation de liens hypertextes vers les pages de son site. De fa\u00e7on g\u00e9n\u00e9rale, tout lien \u00e9tabli \u00e0 partir d&rsquo;un autre site vers le site internet du Ross doit indiquer de fa\u00e7on claire \u00e0 l&rsquo;internaute qu&rsquo;il est dirig\u00e9 vers le site <a href=\"https:\/\/transnum-v2.ac-dijon.fr\/wordpress\/ross\/\" target=\"_blank\" rel=\"noreferrer noopener\">https:\/\/transnum-v2.ac-dijon.fr\/wordpress\/ross\/<\/a> en faisant notamment mention int\u00e9grale et visible de cette URL. En outre, le Ross se r\u00e9serve le droit de demander la dissolution des liens dont il estimera qu&rsquo;ils sont de nature \u00e0 porter pr\u00e9judice \u00e0 son image ou \u00e0 ses droits.Toute reproduction pour un usage autre que strictement priv\u00e9 des \u00e9crans de navigation du pr\u00e9sent site et des marques et logos, notamment celui du Ross, qui y sont affich\u00e9s est rigoureusement interdite.<\/p>\n\n\n\n<h4 class=\"wp-block-heading\"><strong>Cookies<\/strong><\/h4>\n\n\n\n<p>Notre site web utilise l&rsquo;outil d&rsquo;analyse d&rsquo;audience WP Statistics v12.6.13 pour recueillir des informations sur la mani\u00e8re dont les visiteurs interagissent avec notre site. Il peut utiliser des cookies pour collecter des donn\u00e9es telles que l&rsquo;adresse IP de votre appareil, le type de navigateur que vous utilisez, les pages que vous consultez, la dur\u00e9e de votre visite, et d&rsquo;autres informations similaires.Ces donn\u00e9es nous aident \u00e0 comprendre comment notre site est utilis\u00e9 et \u00e0 am\u00e9liorer l&rsquo;exp\u00e9rience utilisateur. Elles sont agr\u00e9g\u00e9es et anonymis\u00e9es, ce qui signifie qu&rsquo;elles ne sont pas li\u00e9es \u00e0 des informations personnelles identifiables.En utilisant notre site, vous consentez \u00e0 la collecte et \u00e0 l&rsquo;utilisation de vos donn\u00e9es de la mani\u00e8re d\u00e9crite dans cette politique de confidentialit\u00e9. Si vous souhaitez d\u00e9sactiver les cookies ou restreindre leur utilisation, vous pouvez le faire en modifiant les param\u00e8tres de votre navigateur web de la mani\u00e8re d\u00e9crite \u00e0 l\u2019adresse suivante : <a href=\"http:\/\/www.cnil.fr\">www.cnil.fr<\/a> . Veuillez noter que cela pourrait affecter certaines fonctionnalit\u00e9s de notre site.Si vous avez des questions ou des pr\u00e9occupations concernant notre politique de confidentialit\u00e9 ou la mani\u00e8re dont nous traitons vos donn\u00e9es personnelles, veuillez nous contacter \u00e0 [contact@rossbfc.fr].<\/p>\n\n\n\n<h4 class=\"wp-block-heading\"><strong>Formulaire de contact&nbsp;<\/strong><\/h4>\n\n\n\n<p>Les informations que vous renseignez dans le formulaire de contact sur notre site internet sont collect\u00e9es par Limesurvey et alimentent une base de donn\u00e9es des membres du Ross qui nous permet de vous transmettre les informations relatives \u00e0 nos \u00e9v\u00e8nements. A tout moment, vous pouvez nous signifier via notre mail de contact (contact@rossbfc.fr) que vous souhaitez vous d\u00e9sabonner de cette liste.Voici les informations collect\u00e9es : Structure&nbsp; ; Nom ; Pr\u00e9nom ; Fonction ; email ; t\u00e9l\u00e9phone ; commentaire ; Autorisez-vous le Ross \u00e0 utiliser votre email pour vous adresser des informations du r\u00e9seau ? ; Autorisez-vous le Ross \u00e0 diffuser votre adresse mail aux autres membres du r\u00e9seau ?&nbsp;<\/p>\n\n\n\n<p><strong>Version<\/strong> 1.0.1<\/p>\n","protected":false},"excerpt":{"rendered":"<p>Conform\u00e9ment aux dispositions des articles 6-III et 19 de la Loi n\u00b0 2004-575 du 21 juin 2004 pour la Confiance dans l\u2019\u00e9conomie num\u00e9rique, dite L.C.E.N., nous portons \u00e0 la connaissance [&hellip;]<\/p>\n","protected":false},"author":5,"featured_media":0,"parent":0,"menu_order":0,"comment_status":"closed","ping_status":"closed","template":"","meta":{"footnotes":"","_links_to":"","_links_to_target":""},"class_list":["post-2353","page","type-page","status-publish","hentry"],"_links":{"self":[{"href":"https:\/\/transnum-v2.ac-dijon.fr\/wordpress\/ross\/wp-json\/wp\/v2\/pages\/2353","targetHints":{"allow":["GET"]}}],"collection":[{"href":"https:\/\/transnum-v2.ac-dijon.fr\/wordpress\/ross\/wp-json\/wp\/v2\/pages"}],"about":[{"href":"https:\/\/transnum-v2.ac-dijon.fr\/wordpress\/ross\/wp-json\/wp\/v2\/types\/page"}],"author":[{"embeddable":true,"href":"https:\/\/transnum-v2.ac-dijon.fr\/wordpress\/ross\/wp-json\/wp\/v2\/users\/5"}],"replies":[{"embeddable":true,"href":"https:\/\/transnum-v2.ac-dijon.fr\/wordpress\/ross\/wp-json\/wp\/v2\/comments?post=2353"}],"version-history":[{"count":1,"href":"https:\/\/transnum-v2.ac-dijon.fr\/wordpress\/ross\/wp-json\/wp\/v2\/pages\/2353\/revisions"}],"predecessor-version":[{"id":2869,"href":"https:\/\/transnum-v2.ac-dijon.fr\/wordpress\/ross\/wp-json\/wp\/v2\/pages\/2353\/revisions\/2869"}],"wp:attachment":[{"href":"https:\/\/transnum-v2.ac-dijon.fr\/wordpress\/ross\/wp-json\/wp\/v2\/media?parent=2353"}],"curies":[{"name":"wp","href":"https:\/\/api.w.org\/{rel}","templated":true}]}}