{"id":515,"date":"2019-08-06T15:21:03","date_gmt":"2019-08-06T13:21:03","guid":{"rendered":"https:\/\/transnum-portail.ac-dijon.fr\/wordpress\/ross\/?page_id=515"},"modified":"2026-01-29T15:44:13","modified_gmt":"2026-01-29T14:44:13","slug":"comites-de-pilotage","status":"publish","type":"page","link":"https:\/\/transnum-v2.ac-dijon.fr\/wordpress\/ross\/comites-de-pilotage\/","title":{"rendered":"Comit\u00e9s de pilotage"},"content":{"rendered":"\n<p><span style=\"font-size: 14pt\">Le comit\u00e9 de pilotage (COPIL) est l\u2019instance d\u00e9cisionnelle du Ross. Il est pr\u00e9sid\u00e9 par la Dreets et l\u2019ARS et&nbsp; a pour mission de d\u00e9finir annuellement le programme de travail du r\u00e9seau : th\u00e9matiques, axes et modalit\u00e9s de mise en \u0153uvre. Il se r\u00e9unit, au moins, 1 fois par an.<\/span><\/p>\n\n\n\n<blockquote class=\"wp-block-quote is-layout-flow wp-block-quote-is-layout-flow\">\n<h3 class=\"wp-block-heading\">Dernier COPIL du Ross&nbsp; :&nbsp; 18 d\u00e9cembre 2025<\/h3>\n\n\n\n<p>&#8211; Diaporama du COPIL : <a href=\"http:\/\/transnum-v2.ac-dijon.fr\/wordpress\/ross\/wp-content\/uploads\/sites\/4\/2026\/01\/Diaporama-COPIL_2025_V4.pdf\" target=\"_blank\" rel=\"noreferrer noopener\">Cliquez ici<\/a><\/p>\n<\/blockquote>\n\n\n\n<h3 class=\"wp-block-heading\">&nbsp;COPIL&nbsp; pr\u00e9c\u00e9dents<\/h3>\n\n\n\n<p><\/p>\n\n\n\n<p><\/p>\n\n\n\n<blockquote class=\"wp-block-quote is-layout-flow wp-block-quote-is-layout-flow\">\n<details class=\"wp-block-details is-layout-flow wp-block-details-is-layout-flow\"><summary><strong><em>\u2013 Diaporama du COPIL du 19 d\u00e9cembre 2024 :&nbsp;<\/em><a href=\"http:\/\/transnum-v2.ac-dijon.fr\/wordpress\/ross\/wp-content\/uploads\/sites\/4\/2024\/12\/Diaporama-COPIL_2024.pdf\">Cliquez ici<\/a><\/strong><\/summary>\n<p><\/p>\n<\/details>\n<\/blockquote>\n\n\n\n<blockquote class=\"wp-block-quote is-layout-flow wp-block-quote-is-layout-flow\">\n<details class=\"wp-block-details is-layout-flow wp-block-details-is-layout-flow\"><summary><strong><em>\u2013 Diaporama du COPIL du 21 d\u00e9cembre 2023 :&nbsp;<\/em><a href=\"http:\/\/transnum-v2.ac-dijon.fr\/wordpress\/ross\/wp-content\/uploads\/sites\/4\/2024\/01\/Diaporama-COPIL_2023.pdf\">Cliquez ici<\/a><\/strong><\/summary>\n<p><\/p>\n<\/details>\n<\/blockquote>\n\n\n\n<p><\/p>\n\n\n\n<blockquote class=\"wp-block-quote is-layout-flow wp-block-quote-is-layout-flow\">\n<details class=\"wp-block-details is-layout-flow wp-block-details-is-layout-flow\"><summary><strong><em>\u2013 Diaporama du COPIL du 16 d\u00e9cembre 2022 :&nbsp;<\/em><a href=\"http:\/\/transnum-v2.ac-dijon.fr\/wordpress\/ross\/wp-content\/uploads\/sites\/4\/2022\/12\/Diaporama-COPIL_2022_v3.pdf\">Cliquez ici<\/a><\/strong><\/summary>\n<p><\/p>\n<\/details>\n<\/blockquote>\n\n\n\n<p><\/p>\n\n\n\n<blockquote class=\"wp-block-quote is-layout-flow wp-block-quote-is-layout-flow\">\n<details class=\"wp-block-details is-layout-flow wp-block-details-is-layout-flow\"><summary><strong><em>\u2013 Diaporama du COPIL du 17 d\u00e9cembre 2021 :&nbsp;<\/em><a href=\"http:\/\/transnum-v2.ac-dijon.fr\/wordpress\/ross\/wp-content\/uploads\/sites\/4\/2022\/01\/Diaporama-COPIL_202112.pdf\">Cliquez ici<\/a><\/strong><\/summary>\n<p><\/p>\n<\/details>\n<\/blockquote>\n\n\n\n<p><\/p>\n\n\n\n<blockquote class=\"wp-block-quote is-layout-flow wp-block-quote-is-layout-flow\">\n<details class=\"wp-block-details is-layout-flow wp-block-details-is-layout-flow\"><summary><strong><em>\u2013 Diaporama du COPIL du 17 d\u00e9cembre 2020 :&nbsp;<\/em><a href=\"http:\/\/transnum-v2.ac-dijon.fr\/wordpress\/ross\/wp-content\/uploads\/sites\/4\/2021\/01\/Diaporama-COPIL_20201217_v12.pdf\">Cliquez ici<\/a><\/strong><\/summary>\n<p><\/p>\n<\/details>\n<\/blockquote>\n\n\n\n<p><\/p>\n\n\n\n<blockquote class=\"wp-block-quote is-layout-flow wp-block-quote-is-layout-flow\">\n<div class=\"wp-block-group\"><div class=\"wp-block-group__inner-container is-layout-constrained wp-block-group-is-layout-constrained\">\n<details class=\"wp-block-details is-layout-flow wp-block-details-is-layout-flow\"><summary><em style=\"font-weight: bold\">+ Comit\u00e9 de pilotage du ROSS du 12 d\u00e9cembre 2019<\/em><\/summary>\n<p><strong>Il a permis de dresser le bilan de 3 ans de fonctionnement du r\u00e9seau en termes d\u2019activit\u00e9s et de partenariat.<\/strong><br>\u2022 Les membres du r\u00e9seau sont satisfaits de son fonctionnement et pl\u00e9biscitent la poursuite des \u00ab Matinales \u00bb. Ce temps d\u2019information sur les actualit\u00e9s de l\u2019observation sociale et sanitaire de 2 heures en visioconf\u00e9rence (Dijon et Besan\u00e7on) r\u00e9pond aux besoins d\u2019information r\u00e9ciproques des partenaires dans un format court et compatible avec les contraintes de chacun (disponibilit\u00e9, mobilit\u00e9).<br><br>\u2022 Un point sur l\u2019\u00e9tat d\u2019avancement a \u00e9t\u00e9 fait sur les groupes de travail (GT) lanc\u00e9s en 2019 :<br>\u2013 GT \u00ab familles monoparentales \u00bb : l\u2019Insee et la DRDJSCS ont pr\u00e9sent\u00e9 les 2 \u00e9tudes r\u00e9alis\u00e9es :&nbsp;<a href=\"http:\/\/transnum-v2.ac-dijon.fr\/wordpress\/ross\/wp-content\/uploads\/sites\/4\/2019\/12\/Familles-monop-Insee-Ross-dec19.odp\">Cliquez ici<\/a><br>\u2013 GT \u00ab Immigrants \u00bb : l\u2019ARS et la DRDJSCS ont pr\u00e9sent\u00e9 le projet de maquette de l\u2019infographie&nbsp;\u00ab Comprendre l\u2019immigration \u00bb.&nbsp;<em>Le poster et la Video Motion r\u00e9sultant de ce travail seront&nbsp;pr\u00e9sent\u00e9s lors de la prochaine matinale du ROSS du 13\/02\/20.<\/em><br><br><strong>La programmation du ROSS pour 2020 a \u00e9t\u00e9 \u00e9tablie :<\/strong><br>\u2022 \u00ab Matinales \u00bb : leur nombre \u00e9voluera \u00e0 3 ou 4 dans l\u2019ann\u00e9e. L\u2019une d\u2019entre elle traitera de sujets&nbsp;essentiellement techniques : cartographie dynamique et programmation sous R.<br><br>\u2022 S\u00e9minaire : un seul s\u00e9minaire sera organis\u00e9 en juin 2020 sur le th\u00e8me de \u00ab L\u2019inclusion&nbsp;num\u00e9rique : d\u00e9finitions et donn\u00e9es \u00bb.<br><br>\u2022 Groupes de travail :<br>\u2013 GT 1 : structurer un observatoire sur les publics pr\u00e9caires (Praps\/Strat\u00e9gie de lutte&nbsp;contre la pauvret\u00e9) : co-Pilotage ARS\/DRDJSCS. Le GT, pr\u00e9vu initialement en 2019, sur&nbsp;\u00ab l\u2019insertion des r\u00e9fugi\u00e9s dans le logement et dans l\u2019emploi \u00bb, identifi\u00e9 dans le cadre de&nbsp;la politique d\u2019int\u00e9gration, pourrait \u00e9ventuellement \u00eatre repris dans le cadre du GT 1.<br>\u2013 GT 2 : Comment outiller le niveau d\u00e9partemental de l\u2019Etat et les collectivit\u00e9s territoriales&nbsp;dans l\u2019identification des publics vuln\u00e9rables dans le cadre des documents de&nbsp;planification h\u00e9bergement\/logement : pilotage Dreal.<br><br><strong>Un questionnaire va \u00eatre envoy\u00e9 aux&nbsp;membres du r\u00e9seau pour fiabiliser et actualiser la liste de diffusion du ROSS.<\/strong><br><em>\u2013 Diaporama du COPIL du 12\/12\/2019 :&nbsp;<\/em><a href=\"http:\/\/transnum-v2.ac-dijon.fr\/wordpress\/ross\/wp-content\/uploads\/sites\/4\/2019\/12\/Diaporama-COPIL_12.12.19_CR.pdf\">Cliquez ici<\/a><\/p>\n<\/details>\n<\/div><\/div>\n\n\n\n<p><\/p>\n<\/blockquote>\n\n\n\n<blockquote class=\"wp-block-quote is-layout-flow wp-block-quote-is-layout-flow\">\n<p><em>\u2013 <strong>Diaporama du COPIL du 14\/12\/2018 :&nbsp;<\/strong><\/em><a href=\"http:\/\/transnum-v2.ac-dijon.fr\/wordpress\/ross\/wp-content\/uploads\/sites\/4\/2019\/08\/Diaporama-COPIL_14.12.18.pdf\"><strong>Cliquez ici<\/strong><\/a><br><em>\u2013 <strong>Compte-rendu du COPIL du 14\/12\/2018 :&nbsp;&nbsp;<\/strong><\/em><a href=\"http:\/\/transnum-v2.ac-dijon.fr\/wordpress\/ross\/wp-content\/uploads\/sites\/4\/2019\/08\/PV-COPIL_ROSS_14.12.18.pdf\"><strong>Cliquez ici<\/strong><\/a><\/p>\n<\/blockquote>\n\n\n\n<blockquote class=\"wp-block-quote is-layout-flow wp-block-quote-is-layout-flow\">\n<p>&nbsp;\u2013<strong> <em>Diaporama du COPIL du 09\/11\/2017 :<\/em>&nbsp;<a href=\"http:\/\/transnum-v2.ac-dijon.fr\/wordpress\/ross\/wp-content\/uploads\/sites\/4\/2019\/08\/COPIL-9-novembre_VF.pptx\">Cliquez ici<\/a><\/strong><br>\u2013 <strong><em>Compte-rendu du COPIL du 09\/11\/2017 <\/em>:&nbsp;<a href=\"http:\/\/transnum-v2.ac-dijon.fr\/wordpress\/ross\/wp-content\/uploads\/sites\/4\/2019\/08\/PV-COPIL-9-novembre-2017.docx\">Cliquez ici<\/a><\/strong><\/p>\n<\/blockquote>\n\n\n\n<p><\/p>\n","protected":false},"excerpt":{"rendered":"<p>Le comit\u00e9 de pilotage (COPIL) est l\u2019instance d\u00e9cisionnelle du Ross. Il est pr\u00e9sid\u00e9 par la Dreets et l\u2019ARS et&nbsp; a pour mission de d\u00e9finir annuellement le programme de travail du [&hellip;]<\/p>\n","protected":false},"author":5,"featured_media":0,"parent":0,"menu_order":0,"comment_status":"closed","ping_status":"closed","template":"","meta":{"footnotes":"","_links_to":"","_links_to_target":""},"class_list":["post-515","page","type-page","status-publish","hentry"],"_links":{"self":[{"href":"https:\/\/transnum-v2.ac-dijon.fr\/wordpress\/ross\/wp-json\/wp\/v2\/pages\/515","targetHints":{"allow":["GET"]}}],"collection":[{"href":"https:\/\/transnum-v2.ac-dijon.fr\/wordpress\/ross\/wp-json\/wp\/v2\/pages"}],"about":[{"href":"https:\/\/transnum-v2.ac-dijon.fr\/wordpress\/ross\/wp-json\/wp\/v2\/types\/page"}],"author":[{"embeddable":true,"href":"https:\/\/transnum-v2.ac-dijon.fr\/wordpress\/ross\/wp-json\/wp\/v2\/users\/5"}],"replies":[{"embeddable":true,"href":"https:\/\/transnum-v2.ac-dijon.fr\/wordpress\/ross\/wp-json\/wp\/v2\/comments?post=515"}],"version-history":[{"count":11,"href":"https:\/\/transnum-v2.ac-dijon.fr\/wordpress\/ross\/wp-json\/wp\/v2\/pages\/515\/revisions"}],"predecessor-version":[{"id":3183,"href":"https:\/\/transnum-v2.ac-dijon.fr\/wordpress\/ross\/wp-json\/wp\/v2\/pages\/515\/revisions\/3183"}],"wp:attachment":[{"href":"https:\/\/transnum-v2.ac-dijon.fr\/wordpress\/ross\/wp-json\/wp\/v2\/media?parent=515"}],"curies":[{"name":"wp","href":"https:\/\/api.w.org\/{rel}","templated":true}]}}