{"id":63,"date":"2019-05-07T11:29:29","date_gmt":"2019-05-07T09:29:29","guid":{"rendered":"https:\/\/transnum-portail.ac-dijon.fr\/wordpress\/ross\/?page_id=63"},"modified":"2025-11-07T09:26:28","modified_gmt":"2025-11-07T08:26:28","slug":"qui-sommes-nous","status":"publish","type":"page","link":"https:\/\/transnum-v2.ac-dijon.fr\/wordpress\/ross\/qui-sommes-nous\/","title":{"rendered":"Qui sommes-nous ?"},"content":{"rendered":"<blockquote>\n<h3>Le Ross en quelques mots<\/h3>\n<\/blockquote>\n<ul style=\"list-style-type: circle\">\n<li style=\"list-style-type: none\">\n<ul style=\"list-style-type: circle\">\n<li>T\u00e9l\u00e9chargez cette <a href=\"http:\/\/transnum-v2.ac-dijon.fr\/wordpress\/ross\/wp-content\/uploads\/sites\/4\/2025\/04\/Flyer_ROSS_2025.pdf\" target=\"_blank\" rel=\"noopener\">plaquette du Ross :<\/a><\/li>\n<\/ul>\n<\/li>\n<\/ul>\n<p><img loading=\"lazy\" decoding=\"async\" class=\"aligncenter wp-image-1536 \" src=\"http:\/\/transnum-v2.ac-dijon.fr\/wordpress\/ross\/wp-content\/uploads\/sites\/4\/2025\/04\/Flyer_ROSS_2025.jpg\" alt=\"\" width=\"494\" height=\"109\" \/><\/p>\n<ul style=\"list-style-type: circle\">\n<li>Objectifs du R\u00e9seau :\n<ul style=\"list-style-type: circle\">\n<li>Partager la connaissance sur l\u2019actualit\u00e9 des \u00e9tudes et des donn\u00e9es<\/li>\n<li>Travailler en r\u00e9seau<\/li>\n<\/ul>\n<\/li>\n<li>Sur les th\u00e9matiques sociales et sanitaires<\/li>\n<li>Les membres du Ross : services de l\u2019\u00c9tat, \u00e9tablissements publics, collectivit\u00e9s locales, organismes de protection sociale, observatoires, associations\u2026<\/li>\n<li>Copilot\u00e9 par la <a href=\"https:\/\/bourgogne-franche-comte.dreets.gouv.fr\/\" target=\"_blank\" rel=\"noopener\">Direction r\u00e9gionale de l\u2019\u00e9conomie, de l\u2019emploi, du travail et des solidarit\u00e9s<\/a> (Dreets) et l&rsquo;<a href=\"https:\/\/www.bourgogne-franche-comte.ars.sante.fr\/\">Agence r\u00e9gionale de sant\u00e9<\/a> (ARS) de Bourgogne-Franche-Comt\u00e9.<\/li>\n<\/ul>\n<p><img loading=\"lazy\" decoding=\"async\" class=\"aligncenter wp-image-1536 \" src=\"https:\/\/transnum-portail.ac-dijon.fr\/wordpress\/ross\/files\/2021\/06\/dreets_et_ARS-1024x226.jpg\" alt=\"\" width=\"494\" height=\"109\" \/><\/p>\n\n\n<p><\/p>\n","protected":false},"excerpt":{"rendered":"<p>Le Ross en quelques mots T\u00e9l\u00e9chargez cette plaquette du Ross : Objectifs du R\u00e9seau : Partager la connaissance sur l\u2019actualit\u00e9 des \u00e9tudes et des donn\u00e9es Travailler en r\u00e9seau Sur les [&hellip;]<\/p>\n","protected":false},"author":5,"featured_media":0,"parent":0,"menu_order":0,"comment_status":"closed","ping_status":"closed","template":"","meta":{"footnotes":"","_links_to":"","_links_to_target":""},"class_list":["post-63","page","type-page","status-publish","hentry"],"_links":{"self":[{"href":"https:\/\/transnum-v2.ac-dijon.fr\/wordpress\/ross\/wp-json\/wp\/v2\/pages\/63","targetHints":{"allow":["GET"]}}],"collection":[{"href":"https:\/\/transnum-v2.ac-dijon.fr\/wordpress\/ross\/wp-json\/wp\/v2\/pages"}],"about":[{"href":"https:\/\/transnum-v2.ac-dijon.fr\/wordpress\/ross\/wp-json\/wp\/v2\/types\/page"}],"author":[{"embeddable":true,"href":"https:\/\/transnum-v2.ac-dijon.fr\/wordpress\/ross\/wp-json\/wp\/v2\/users\/5"}],"replies":[{"embeddable":true,"href":"https:\/\/transnum-v2.ac-dijon.fr\/wordpress\/ross\/wp-json\/wp\/v2\/comments?post=63"}],"version-history":[{"count":3,"href":"https:\/\/transnum-v2.ac-dijon.fr\/wordpress\/ross\/wp-json\/wp\/v2\/pages\/63\/revisions"}],"predecessor-version":[{"id":3091,"href":"https:\/\/transnum-v2.ac-dijon.fr\/wordpress\/ross\/wp-json\/wp\/v2\/pages\/63\/revisions\/3091"}],"wp:attachment":[{"href":"https:\/\/transnum-v2.ac-dijon.fr\/wordpress\/ross\/wp-json\/wp\/v2\/media?parent=63"}],"curies":[{"name":"wp","href":"https:\/\/api.w.org\/{rel}","templated":true}]}}