{"id":67,"date":"2019-05-07T11:26:01","date_gmt":"2019-05-07T09:26:01","guid":{"rendered":"https:\/\/transnum-portail.ac-dijon.fr\/wordpress\/ross\/?page_id=67"},"modified":"2026-03-24T11:15:34","modified_gmt":"2026-03-24T10:15:34","slug":"fonctionnement-et-activite-du-ross","status":"publish","type":"page","link":"https:\/\/transnum-v2.ac-dijon.fr\/wordpress\/ross\/fonctionnement-et-activite-du-ross\/","title":{"rendered":"Fonctionnement et activit\u00e9"},"content":{"rendered":"\n<p><\/p>\n\n\n\n<ul class=\"wp-block-list\">\n<li><strong>L\u2019animation du Ross<\/strong> est assur\u00e9e par Suzanne Nicey<\/li>\n<\/ul>\n\n\n\n<ul class=\"wp-block-list\">\n<li><strong> Le comit\u00e9 de pilotage<\/strong> d\u00e9finit annuellement les th\u00e9matiques, axes et modalit\u00e9s de travail du r\u00e9seau<\/li>\n<\/ul>\n\n\n\n<ul class=\"wp-block-list\">\n<li><strong>La vie du r\u00e9seau<\/strong> s\u2019organise autour de diff\u00e9rents temps forts :\n<ul class=\"wp-block-list\">\n<li>Une \u00e9tude, un partenaire, 1 heure : les Visio Flash<\/li>\n\n\n\n<li>Un sujet, des partenaires, 2 heures : les Matinales<\/li>\n\n\n\n<li>Approfondissement d\u2019un sujet, 1 journ\u00e9e : les s\u00e9minaires<\/li>\n\n\n\n<li>D\u00e9finir annuellement les th\u00e9matiques, axes et modalit\u00e9s de travail du r\u00e9seau : le comit\u00e9 de pilotage<\/li>\n<\/ul>\n<\/li>\n<\/ul>\n\n\n\n<p><\/p>\n\n\n\n<blockquote class=\"wp-block-quote is-layout-flow wp-block-quote-is-layout-flow\">\n<p class=\"has-text-align-left\"><a href=\"http:\/\/transnum-v2.ac-dijon.fr\/wordpress\/ross\/wp-content\/uploads\/sites\/4\/2026\/01\/Programme_activite_2026_v4.pdf\" target=\"_blank\" rel=\"noreferrer noopener\">Consulter le programme de travail 2026<\/a><\/p>\n<\/blockquote>\n\n\n\n<blockquote class=\"wp-block-quote is-layout-flow wp-block-quote-is-layout-flow\">\n<p class=\"has-text-align-left\"><a href=\"http:\/\/transnum-v2.ac-dijon.fr\/wordpress\/ross\/wp-content\/uploads\/sites\/4\/2024\/12\/ROSS-Programme-de-travail-2025.pdf.pdf\">Consulter le programme de travail 2025<\/a><\/p>\n<\/blockquote>\n\n\n\n<blockquote class=\"wp-block-quote is-layout-flow wp-block-quote-is-layout-flow\">\n<p class=\"has-text-align-left\"><a href=\"http:\/\/transnum-v2.ac-dijon.fr\/wordpress\/ross\/wp-content\/uploads\/sites\/4\/2024\/01\/ROSS-Programme-de-travail-2024.pdf\">Consulter le programme de travail 2024<\/a><\/p>\n<\/blockquote>\n\n\n\n<blockquote class=\"wp-block-quote is-layout-flow wp-block-quote-is-layout-flow\">\n<p class=\"has-text-align-left\"><a href=\"http:\/\/transnum-v2.ac-dijon.fr\/wordpress\/ross\/wp-content\/uploads\/sites\/4\/2022\/12\/Extrait_programmation_2023.pdf\">Consulter le programme de travail 2023<\/a><\/p>\n<\/blockquote>\n\n\n\n<blockquote class=\"wp-block-quote is-layout-flow wp-block-quote-is-layout-flow\">\n<p class=\"has-text-align-left\"><a href=\"http:\/\/transnum-v2.ac-dijon.fr\/wordpress\/ross\/wp-content\/uploads\/sites\/4\/2022\/04\/Diaporama-COPIL_202112.pdf\">Consulter le programme de travail 2022<\/a><\/p>\n<\/blockquote>\n\n\n\n<blockquote class=\"wp-block-quote is-layout-flow wp-block-quote-is-layout-flow\">\n<p class=\"has-text-align-left\"><a href=\"http:\/\/transnum-v2.ac-dijon.fr\/wordpress\/ross\/wp-content\/uploads\/sites\/4\/2021\/01\/Diaporama-COPIL_20201217_v12__.pdf\">Consulter le programme de travail 2021<\/a><\/p>\n<\/blockquote>\n\n\n\n<blockquote class=\"wp-block-quote is-layout-flow wp-block-quote-is-layout-flow\">\n<p class=\"has-text-align-left\"><a href=\"http:\/\/transnum-v2.ac-dijon.fr\/wordpress\/ross\/wp-content\/uploads\/sites\/4\/2019\/12\/Diaporama-COPIL_12.12.19_CR.pdf\">Consulter le programme de travail 2020<\/a><\/p>\n<\/blockquote>\n\n\n\n<blockquote class=\"wp-block-quote is-layout-flow wp-block-quote-is-layout-flow\">\n<p class=\"has-text-align-left\"><a href=\"http:\/\/transnum-v2.ac-dijon.fr\/wordpress\/ross\/wp-content\/uploads\/sites\/4\/2019\/08\/Prog-travail-19.pdf\"><span style=\"font-size: 12pt;font-family: georgia,palatino,serif\">Consulter le programme de travail 2019<\/span><\/a><\/p>\n<\/blockquote>\n\n\n\n<p><\/p>\n","protected":false},"excerpt":{"rendered":"<p>Consulter le programme de travail 2026 Consulter le programme de travail 2025 Consulter le programme de travail 2024 Consulter le programme de travail 2023 Consulter le programme de travail 2022 [&hellip;]<\/p>\n","protected":false},"author":5,"featured_media":0,"parent":0,"menu_order":0,"comment_status":"closed","ping_status":"closed","template":"","meta":{"footnotes":"","_links_to":"","_links_to_target":""},"class_list":["post-67","page","type-page","status-publish","hentry"],"_links":{"self":[{"href":"https:\/\/transnum-v2.ac-dijon.fr\/wordpress\/ross\/wp-json\/wp\/v2\/pages\/67","targetHints":{"allow":["GET"]}}],"collection":[{"href":"https:\/\/transnum-v2.ac-dijon.fr\/wordpress\/ross\/wp-json\/wp\/v2\/pages"}],"about":[{"href":"https:\/\/transnum-v2.ac-dijon.fr\/wordpress\/ross\/wp-json\/wp\/v2\/types\/page"}],"author":[{"embeddable":true,"href":"https:\/\/transnum-v2.ac-dijon.fr\/wordpress\/ross\/wp-json\/wp\/v2\/users\/5"}],"replies":[{"embeddable":true,"href":"https:\/\/transnum-v2.ac-dijon.fr\/wordpress\/ross\/wp-json\/wp\/v2\/comments?post=67"}],"version-history":[{"count":7,"href":"https:\/\/transnum-v2.ac-dijon.fr\/wordpress\/ross\/wp-json\/wp\/v2\/pages\/67\/revisions"}],"predecessor-version":[{"id":3202,"href":"https:\/\/transnum-v2.ac-dijon.fr\/wordpress\/ross\/wp-json\/wp\/v2\/pages\/67\/revisions\/3202"}],"wp:attachment":[{"href":"https:\/\/transnum-v2.ac-dijon.fr\/wordpress\/ross\/wp-json\/wp\/v2\/media?parent=67"}],"curies":[{"name":"wp","href":"https:\/\/api.w.org\/{rel}","templated":true}]}}