{"id":902,"date":"2020-03-17T15:46:58","date_gmt":"2020-03-17T14:46:58","guid":{"rendered":"https:\/\/transnum-portail.ac-dijon.fr\/wordpress\/ross\/?page_id=902"},"modified":"2020-03-17T15:46:58","modified_gmt":"2020-03-17T14:46:58","slug":"autres-publications","status":"publish","type":"page","link":"https:\/\/transnum-v2.ac-dijon.fr\/wordpress\/ross\/autres-publications\/","title":{"rendered":"Autres publications"},"content":{"rendered":"\n<blockquote class=\"wp-block-quote is-layout-flow wp-block-quote-is-layout-flow\"><p><strong>Chiffres-cl\u00e9s Jeunesse, Sport, et Coh\u00e9sion sociale<\/strong> <strong>en Bourgogne-Franche-Comt\u00e9<\/strong><\/p><\/blockquote>\n\n\n\n<p>L&rsquo;\u00e9dition 2019 des chiffres-cl\u00e9s de la jeunesse, des sports et de la coh\u00e9sion sociale en Bourgogne-France-Comt\u00e9 est en ligne! Vous y trouverez les indicateurs des champs de comp\u00e9tences de la Direction r\u00e9gionale et d\u00e9partementale de la jeunesse, des sports et de la coh\u00e9sion sociale de Bourgogne-Franche-Comt\u00e9 permettant de caract\u00e9riser la r\u00e9gion et ses territoires (donn\u00e9es d\u00e9partementales et cartes) et de la situer par rapport au niveau national : <a href=\"http:\/\/transnum-v2.ac-dijon.fr\/wordpress\/ross\/wp-content\/uploads\/sites\/4\/2020\/07\/DRJSCS_BROCH-CHIFFRES-CLES_2019-BD.pdf\">consultez l&rsquo;\u00e9dition 2019 <\/a><\/p>\n\n\n\n<blockquote class=\"wp-block-quote is-style-default is-layout-flow wp-block-quote-is-layout-flow\"><p><strong>Panorama statistique Bourgogne-Franche-Comt\u00e9<\/strong><\/p><\/blockquote>\n\n\n\n<p>Le panorama statistique \u00ab&nbsp;Jeunesse, Sports, Coh\u00e9sion sociale&nbsp;\u00bb pr\u00e9sente des donn\u00e9es d\u00e9partementales et r\u00e9gionales homog\u00e8nes sur la  d\u00e9mographie, la politique de la ville, la pauvret\u00e9, la pr\u00e9carit\u00e9 et  l\u2019exclusion, le handicap et la d\u00e9pendance, le logement et l\u2019h\u00e9bergement,  la jeunesse, l\u2019enfance et la protection de l\u2019enfance, le sport, la  d\u00e9livrance de certains dipl\u00f4mes (professions sociales, profession de  sant\u00e9, animation socioculturelle et m\u00e9tiers du sport), enfin, l\u2019emploi  dans les domaines associatif et sportif : <a href=\"http:\/\/transnum-v2.ac-dijon.fr\/wordpress\/ross\/wp-content\/uploads\/sites\/4\/2020\/03\/PN_2019_net.pdf\">consultez l&rsquo;\u00e9dition 2018 <\/a><\/p>\n\n\n\n<p><\/p>\n","protected":false},"excerpt":{"rendered":"<p>Chiffres-cl\u00e9s Jeunesse, Sport, et Coh\u00e9sion sociale en Bourgogne-Franche-Comt\u00e9 L&rsquo;\u00e9dition 2019 des chiffres-cl\u00e9s de la jeunesse, des sports et de la coh\u00e9sion sociale en Bourgogne-France-Comt\u00e9 est en ligne! Vous y trouverez [&hellip;]<\/p>\n","protected":false},"author":5,"featured_media":0,"parent":0,"menu_order":0,"comment_status":"closed","ping_status":"closed","template":"","meta":{"footnotes":"","_links_to":"","_links_to_target":""},"class_list":["post-902","page","type-page","status-publish","hentry"],"_links":{"self":[{"href":"https:\/\/transnum-v2.ac-dijon.fr\/wordpress\/ross\/wp-json\/wp\/v2\/pages\/902","targetHints":{"allow":["GET"]}}],"collection":[{"href":"https:\/\/transnum-v2.ac-dijon.fr\/wordpress\/ross\/wp-json\/wp\/v2\/pages"}],"about":[{"href":"https:\/\/transnum-v2.ac-dijon.fr\/wordpress\/ross\/wp-json\/wp\/v2\/types\/page"}],"author":[{"embeddable":true,"href":"https:\/\/transnum-v2.ac-dijon.fr\/wordpress\/ross\/wp-json\/wp\/v2\/users\/5"}],"replies":[{"embeddable":true,"href":"https:\/\/transnum-v2.ac-dijon.fr\/wordpress\/ross\/wp-json\/wp\/v2\/comments?post=902"}],"version-history":[{"count":0,"href":"https:\/\/transnum-v2.ac-dijon.fr\/wordpress\/ross\/wp-json\/wp\/v2\/pages\/902\/revisions"}],"wp:attachment":[{"href":"https:\/\/transnum-v2.ac-dijon.fr\/wordpress\/ross\/wp-json\/wp\/v2\/media?parent=902"}],"curies":[{"name":"wp","href":"https:\/\/api.w.org\/{rel}","templated":true}]}}